{"id":1118,"date":"2020-03-09T16:22:10","date_gmt":"2020-03-09T15:22:10","guid":{"rendered":"http:\/\/bhpcare.pl\/?page_id=1118"},"modified":"2020-03-10T20:49:28","modified_gmt":"2020-03-10T19:49:28","slug":"polityka-prywatnosci","status":"publish","type":"page","link":"https:\/\/bhpcare.pl\/index.php\/polityka-prywatnosci\/","title":{"rendered":"Polityka prywatno\u015bci"},"content":{"rendered":"\t\t<div data-elementor-type=\"wp-page\" data-elementor-id=\"1118\" class=\"elementor elementor-1118\" data-elementor-post-type=\"page\">\n\t\t\t\t\t\t<section class=\"elementor-section elementor-top-section elementor-element elementor-element-06937d7 elementor-section-boxed elementor-section-height-default elementor-section-height-default\" data-id=\"06937d7\" data-element_type=\"section\" data-e-type=\"section\">\n\t\t\t\t\t\t<div class=\"elementor-container elementor-column-gap-default\">\n\t\t\t\t\t<div class=\"elementor-column elementor-col-100 elementor-top-column elementor-element elementor-element-3641e35\" data-id=\"3641e35\" data-element_type=\"column\" data-e-type=\"column\">\n\t\t\t<div class=\"elementor-widget-wrap elementor-element-populated\">\n\t\t\t\t\t\t<div class=\"elementor-element elementor-element-7dec5c6 elementor-widget elementor-widget-text-editor\" data-id=\"7dec5c6\" data-element_type=\"widget\" data-e-type=\"widget\" data-widget_type=\"text-editor.default\">\n\t\t\t\t<div class=\"elementor-widget-container\">\n\t\t\t\t\t\t\t\t\t<table width=\"709\"><tbody><tr><td style=\"text-align: center;\" colspan=\"2\" width=\"709\"><strong>POLITYKA PRYWATNO\u015aCI. OCHRONA DANYCH OSOBOWYCH.<\/strong><\/td><\/tr><tr><td width=\"28\"><strong>1.\u00a0\u00a0\u00a0\u00a0\u00a0\u00a0\u00a0\u00a0\u00a0\u00a0\u00a0\u00a0\u00a0 <\/strong><strong>\u00a0<\/strong><\/td><td width=\"680\">Administratorem danych osobowych \/dalej: Administrator lub ADO\/ w rozumieniu Rozporz\u0105dzenia Parlamentu Europejskiego i Rady (UE) 2016\/676 z 27-04-2016 r. w sprawie ochrony os\u00f3b fizycznych w zwi\u0105zku z przetwarzaniem danych osobowych i w sprawie swobodnego przep\u0142ywu takich danych oraz uchylenia dyrektywy 95\/46\/WE\u00a0 (Dz. Urz. UE<br \/>L 119 z 04-05-2016 r. str. 1) \/dalej: RODO\/ oraz ustawy z 10-05-2018 r. o ochronie danych osobowych \/dalej: u.o.d.o.\/, podanych przez osob\u0119, kt\u00f3rej dane dotycz\u0105, jest:<p><strong>BHPCARE\u00a0 Sp. z o.o.<br \/><\/strong>ul. D\u0119bowa 15 Wilczyn, 55-120 Oborniki \u015al\u0105skie<br \/>wpisana do Krajowego Rejestru S\u0105dowego &#8211; Rejestru Przedsi\u0119biorc\u00f3w pod nr KRS 0000763328;<br \/>s\u0105d rejestrowy: S\u0105d Rejonowy dla Wroc\u0142awia-Fabrycznej we Wroc\u0142awiu<br \/>IX Wydzia\u0142 Gospodarczy Krajowego Rejestru S\u0105dowego<\/p><p>NIP 9151811741; REGON 382071509.<\/p><\/td><\/tr><tr><td width=\"28\"><strong>2.\u00a0\u00a0\u00a0\u00a0\u00a0\u00a0\u00a0\u00a0\u00a0\u00a0\u00a0\u00a0\u00a0 <\/strong><strong>\u00a0<\/strong><\/td><td width=\"680\">Administrator przetwarza dane osobowe na podstawie RODO i u.o.d.o. z uwzgl\u0119dnieniem przepis\u00f3w ustawy z dnia<br \/>18 lipca 2002 roku o \u015bwiadczeniu us\u0142ug drog\u0105 elektroniczn\u0105 (Dz.U. 2002 nr 144 poz. 1204 ze zm.).<p>Baza danych zosta\u0142a stworzona wy\u0142\u0105cznie w celu umo\u017cliwienia Nabywcom\/U\u017cytkownikom korzystania ze \u015bwiadczonych us\u0142ug przez ADO.<\/p><p>W przypadku zakupu Szkolenia e-learningowego przez Nabywc\u0119 dla osoby zatrudnionej przez Nabywc\u0119 na podstawie umowy o prac\u0119 albo innej umowy cywilnoprawnej (U\u017cytkownik), administratorem danych osobowych nadal pozostaje Nabywca, a BHPCARE sp. z o.o. przetwarza dane osobowe U\u017cytkownika jako podmiot przetwarzaj\u0105cy na podstawie Umowy o przetwarzanie danych osobowych zawartej w oparciu o <u><a href=\"\/index.php\/regulamin-powierzenia-przetwarzania-danych-osobowych\">Regulamin powierzenia przetwarzania danych osobowych<\/a>.<\/u><\/p><\/td><\/tr><tr><td width=\"28\"><strong>3.\u00a0\u00a0\u00a0\u00a0\u00a0\u00a0\u00a0\u00a0\u00a0\u00a0\u00a0\u00a0\u00a0 <\/strong><strong>\u00a0<\/strong><\/td><td width=\"680\"><p>Administrator przetwarza dane osobowe osoby, kt\u00f3rej dane dotycz\u0105, nast\u0119puj\u0105cych celach:<\/p><p>1)\u00a0\u00a0\u00a0\u00a0 negocjowania i zawarcia umowy (podstawa prawna: art. 6 ust 1 lit. b RODO),<\/p><p>2)\u00a0\u00a0\u00a0\u00a0 prawid\u0142owej realizacji zawartej umowy (podstawa prawna: art. 6 ust 1 lit. b RODO),<\/p><p>3)\u00a0\u00a0\u00a0\u00a0 telefoniczny lub mailowy kontakt z osob\u0105 korzystaj\u0105c\u0105 z us\u0142ug ADO, w tym wype\u0142niaj\u0105c\u0105 formularz kontaktowy<br \/>na stronie internetowej www. horn-elektronik.pl, (podstawa prawna: art. 6 ust 1 lit. b RODO),<\/p><p>4)\u00a0\u00a0\u00a0\u00a0 archiwalnym (dowodowym) b\u0119d\u0105cym realizacj\u0105\u00a0 prawnie uzasadnionego interesu ADO do zabezpieczenia informacji<\/p><p>na wypadek prawnej potrzeby wykazania fakt\u00f3w (podstawa z art. 6 ust. 1 lit. f RODO).<\/p><\/td><\/tr><tr><td width=\"28\"><strong>4.\u00a0\u00a0\u00a0\u00a0\u00a0\u00a0\u00a0\u00a0\u00a0\u00a0\u00a0\u00a0\u00a0 <\/strong><strong>\u00a0<\/strong><\/td><td width=\"680\"><p>Podanie danych osobowych jest dobrowolne.<\/p><p>Niepodanie danych osobowych lub ich usuni\u0119cie na \u017c\u0105danie U\u017cytkownika mo\u017ce uniemo\u017cliwi\u0107 korzystanie z us\u0142ug oferowanych przez Administratora w takim stopniu, w jakim dane s\u0105 niezb\u0119dne do prawid\u0142owego wykonania tych us\u0142ug.<\/p><\/td><\/tr><tr><td width=\"28\"><strong>5.\u00a0\u00a0\u00a0\u00a0\u00a0\u00a0\u00a0\u00a0\u00a0\u00a0\u00a0\u00a0\u00a0 <\/strong><strong>\u00a0<\/strong><\/td><td width=\"680\">Przetwarzanie danych osobowych w celach okre\u015blonych w pkt. 3 ppkt 1 i 2 przez Administratora odbywa si\u0119 bez konieczno\u015bci wyra\u017cenia przez Pani\u0105\/Pana zgody na przetwarzanie danych osobowych<\/td><\/tr><tr><td width=\"28\"><strong>6.\u00a0\u00a0\u00a0\u00a0\u00a0\u00a0\u00a0\u00a0\u00a0\u00a0\u00a0\u00a0\u00a0 <\/strong><strong>\u00a0<\/strong><\/td><td width=\"680\">Przetwarzanie danych osobowych w innych celach ni\u017c okre\u015blonych w pkt. 3 powy\u017cej b\u0119dzie mo\u017cliwe po uzyskaniu odr\u0119bnej zgody, o kt\u00f3rej mowa w art. 6 ust. 1 lit. a RODO. Zgoda na przetwarzanie danych w celu opisanym w zdaniu poprzednim jest dobrowolna i mo\u017ce by\u0107 odwo\u0142ana w ka\u017cdym czasie.<\/td><\/tr><tr><td width=\"28\"><strong>7.\u00a0\u00a0\u00a0\u00a0\u00a0\u00a0\u00a0\u00a0\u00a0\u00a0\u00a0\u00a0\u00a0 <\/strong><strong>\u00a0<\/strong><\/td><td width=\"680\"><p>Dane osobowe oraz informacje zawarte w formularzu kontaktowym lub w mailu wykorzystywane b\u0119d\u0105 przez Administratora do zawarcia, zmiany, rozwi\u0105zania umowy z Nabywc\u0105\/U\u017cytkownikiem oraz zapewnienia, jak najwy\u017cszej jako\u015bci \u015bwiadczonych us\u0142ug. W tym celu Administrator przetwarza nast\u0119puj\u0105ce dane osobowe niezb\u0119dne do \u015bwiadczenia us\u0142ug drog\u0105 elektroniczn\u0105 oraz zawarcia i realizacji umowy:<\/p><p>1)\u00a0\u00a0\u00a0\u00a0 imi\u0119 i nazwisko;<\/p><p>2)\u00a0\u00a0\u00a0\u00a0 adres zamieszkania (dane adresowe),<\/p><p>3)\u00a0\u00a0\u00a0\u00a0 adres do korespondencji, je\u017celi jest inny ni\u017c adres, o kt\u00f3rym mowa w ppkt. 2),<\/p><p>4)\u00a0\u00a0\u00a0\u00a0 adres elektroniczny (e-mail),<\/p><p>Ponadto, ze wzgl\u0119du na w\u0142a\u015bciwo\u015b\u0107 us\u0142ugi i obowi\u0105zuj\u0105ce przepisy, Administrator przetwarza nast\u0119puj\u0105ce dane, niezb\u0119dne do prawid\u0142owego \u015bwiadczenia us\u0142ug drog\u0105 elektroniczn\u0105 oraz zawarcia i realizacji umowy:<\/p><p>1)\u00a0\u00a0\u00a0\u00a0 \u00a0numer telefonu,<\/p><p>2)\u00a0\u00a0\u00a0\u00a0 Numer Identyfikacji Podatkowej (NIP).<\/p><\/td><\/tr><tr><td width=\"28\"><strong>8.\u00a0\u00a0\u00a0\u00a0\u00a0\u00a0\u00a0\u00a0\u00a0\u00a0\u00a0\u00a0\u00a0 <\/strong><strong>\u00a0<\/strong><\/td><td width=\"680\"><p>Administrator, w celu realizacji umowy i prawid\u0142owego wykonania zam\u00f3wienia, mo\u017ce udost\u0119pni\u0107 dane osobowe podmiotom wsp\u00f3\u0142pracuj\u0105cym z ADO w szczeg\u00f3lno\u015bci:<\/p><p>1)\u00a0\u00a0\u00a0\u00a0 operatorowi pocztowemu lub firmie kurierskiej,<\/p><p>2)\u00a0\u00a0\u00a0\u00a0 operatorowi p\u0142atno\u015bci, w celu realizacji umowy,<\/p><p>3)\u00a0\u00a0\u00a0\u00a0 biuru rachunkowemu,<\/p><p>4)\u00a0\u00a0\u00a0\u00a0 firmie informatycznej,<\/p><p>5)\u00a0\u00a0\u00a0\u00a0 kancelarii prawnej, firmie windykacyjnej w przypadku konieczno\u015bci dochodzenia roszcze\u0144 lub obrony\u00a0 praw.<\/p><p>Administrator, mo\u017ce udost\u0119pni\u0107 dane osobowe upowa\u017cnionym organom pa\u0144stwowym lub organom samorz\u0105du terytorialnego, w zwi\u0105zku z prowadzonym przez nie post\u0119powaniem w interesie publicznym.<\/p><p>W pozosta\u0142ym zakresie dane osobowe mog\u0105 zosta\u0107 ujawnione w przypadkach przewidzianych przepisami prawa<br \/>lub w przypadku uzyskania zgody, o kt\u00f3rej mowa w art. 6 ust. 1 lit. a RODO.<\/p><\/td><\/tr><tr><td width=\"28\"><strong>9.\u00a0\u00a0\u00a0\u00a0\u00a0\u00a0\u00a0\u00a0\u00a0\u00a0\u00a0\u00a0\u00a0 <\/strong><strong>\u00a0<\/strong><\/td><td width=\"680\">Wszystkie dane osobowe podane przez U\u017cytkownika i gromadzone przez Administratora w ramach oferowanych us\u0142ug<br \/>nie s\u0105 widoczne dla pozosta\u0142ych U\u017cytkownik\u00f3w<\/td><\/tr><tr><td width=\"28\"><strong>10.\u00a0\u00a0\u00a0\u00a0\u00a0\u00a0\u00a0\u00a0\u00a0\u00a0 <\/strong><strong>\u00a0<\/strong><\/td><td width=\"680\"><p>Ka\u017cdej osobie, kt\u00f3rej dane osobowe s\u0105 przetwarzane przez Administratora, przys\u0142uguje prawo do:<\/p><p>1)\u00a0\u00a0\u00a0\u00a0 \u017c\u0105dania od Administratora dost\u0119pu do jej danych osobowych i otrzymania ich kopii,<\/p><p>2)\u00a0\u00a0\u00a0\u00a0 \u017c\u0105dania od Administratora sprostowania\/poprawiania jej danych osobowych,<\/p><p>3)\u00a0\u00a0\u00a0\u00a0 \u017c\u0105dania od Administratora usuni\u0119cia jej danych osobowych,<\/p><p>4)\u00a0\u00a0\u00a0\u00a0 \u017c\u0105dania od Administratora ograniczenia przetwarzania jej danych osobowych, (mo\u017cna za\u017c\u0105da\u0107 ograniczenia przetwarzania danych osobowych wy\u0142\u0105cznie do ich przechowywania lub wykonywania uzgodnionych dzia\u0142a\u0144),<\/p><p>5)\u00a0\u00a0\u00a0\u00a0 wniesienia sprzeciwu wobec przetwarzania jej danych osobowych w przypadku tzw. przetwarzania marketingowego,<\/p><p>6)\u00a0\u00a0\u00a0\u00a0 przenoszenia jej danych osobowych,<\/p><p>7)\u00a0\u00a0\u00a0\u00a0 wniesienia skargi do organu nadzorczego &#8211; Prezesa Urz\u0119du Ochrony Danych Osobowych.<\/p><\/td><\/tr><tr><td width=\"28\"><strong>11.\u00a0\u00a0\u00a0\u00a0\u00a0\u00a0\u00a0\u00a0\u00a0\u00a0 <\/strong><strong>\u00a0<\/strong><\/td><td width=\"680\">Administrator nie odpowiada za skutki udost\u0119pnienia danych osobowych U\u017cytkownika podmiotom trzecim w przypadku, kiedy to U\u017cytkownik samodzielnie poda\u0142 je do wiadomo\u015bci innym U\u017cytkownikom.<\/td><\/tr><tr><td width=\"28\"><strong>12.\u00a0\u00a0\u00a0\u00a0\u00a0\u00a0\u00a0\u00a0\u00a0\u00a0 <\/strong><strong>\u00a0<\/strong><\/td><td width=\"680\">Dane osobowe U\u017cytkownik\u00f3w nie b\u0119d\u0105 przekazywane przez Administratora poza obszar Rzeczpospolitej Polskiej,<br \/>poza obszar Unii Europejskiej, Europejskiego Obszaru Gospodarczego oraz do organizacji mi\u0119dzynarodowych.<\/td><\/tr><tr><td width=\"28\"><strong>13.\u00a0\u00a0\u00a0\u00a0\u00a0\u00a0\u00a0\u00a0\u00a0\u00a0 <\/strong><strong>\u00a0<\/strong><\/td><td width=\"680\"><p>Dane osobowe U\u017cytkownik\u00f3w s\u0105 przetwarzane r\u0119cznie i elektronicznie w celu okre\u015blonym powy\u017cej w pkt 3.<\/p><p>Dane osobowe nie podlegaj\u0105 zautomatyzowanemu podejmowaniu decyzji, w tym profilowaniu.<\/p><\/td><\/tr><tr><td width=\"28\"><strong>14.\u00a0\u00a0\u00a0\u00a0\u00a0\u00a0\u00a0\u00a0\u00a0\u00a0 <\/strong><strong>\u00a0<\/strong><\/td><td width=\"680\"><p>Dane osobowe U\u017cytkownik\u00f3w pozyskane w celu zawarcia umowy b\u0119d\u0105 przechowywane przez okres negocjowania umowy oraz do ko\u0144ca roku kalendarzowego, w kt\u00f3rym U\u017cytkownik ostatni raz kontaktowa\u0142 si\u0119 z Administratorem.<\/p><p>Dane osobowe U\u017cytkownik\u00f3w wynikaj\u0105ce z zawarcia umowy b\u0119d\u0105 przechowywane i przetwarzane przez okres przez okres jej trwania,\u00a0 a nast\u0119pnie przez okres, w kt\u00f3rym mog\u0105 ujawni\u0107 sie roszczenia z niej wynikaj\u0105ce, a wi\u0119c przez okres przedawnienia potencjalnych roszcze\u0144 z umowy.<\/p><\/td><\/tr><tr><td width=\"28\"><strong>15.\u00a0\u00a0\u00a0\u00a0\u00a0\u00a0\u00a0\u00a0\u00a0\u00a0 <\/strong><strong>\u00a0<\/strong><\/td><td width=\"680\">Administrator mo\u017ce zmieni\u0107 niniejsz\u0105 Polityk\u0119 prywatno\u015bci w ka\u017cdym czasie, przy czym poinformuje o tym na stronie internetowej, drog\u0105 elektroniczn\u0105 na wskazany adres e-mail lub przy logowaniu. Osoba, kt\u00f3rej dane s\u0105 przetwarzane, ma prawo wyrazi\u0107 sprzeciw na dalsze przetwarzanie danych osobowych na zasadach okre\u015blonych zmienion\u0105 Polityk\u0105 prywatno\u015bci.<\/td><\/tr><tr><td width=\"28\"><strong>16.\u00a0\u00a0\u00a0\u00a0\u00a0\u00a0\u00a0\u00a0\u00a0\u00a0 <\/strong><strong>\u00a0<\/strong><\/td><td width=\"680\"><p>Administrator zobowi\u0105zuje si\u0119 do bezpiecznego przechowywania danych.<\/p><p>Administrator zobowi\u0105zuje si\u0119 do zastosowania \u015brodk\u00f3w technicznych i organizacyjnych zapewniaj\u0105cych ochron\u0119 danych, w szczeg\u00f3lno\u015bci przez zabezpieczenie danych przed ich udost\u0119pnieniem osobom nieupowa\u017cnionym.<\/p><p>Powierzone dane osobowe s\u0105 przechowywane i zabezpieczone zgodnie z zasadami okre\u015blonymi w obowi\u0105zuj\u0105cych przepisach prawa.<\/p><\/td><\/tr><\/tbody><\/table><p><strong>\u00a0<\/strong><\/p><p><strong>\u00a0<\/strong><\/p>\t\t\t\t\t\t\t\t<\/div>\n\t\t\t\t<\/div>\n\t\t\t\t\t<\/div>\n\t\t<\/div>\n\t\t\t\t\t<\/div>\n\t\t<\/section>\n\t\t\t\t<\/div>\n\t\t","protected":false},"excerpt":{"rendered":"<p>POLITYKA PRYWATNO\u015aCI. OCHRONA DANYCH OSOBOWYCH. 1.\u00a0\u00a0\u00a0\u00a0\u00a0\u00a0\u00a0\u00a0\u00a0\u00a0\u00a0\u00a0\u00a0 \u00a0 Administratorem danych osobowych \/dalej: Administrator lub ADO\/ w rozumieniu Rozporz\u0105dzenia Parlamentu Europejskiego i Rady (UE) 2016\/676 z 27-04-2016 r. w sprawie ochrony os\u00f3b fizycznych w zwi\u0105zku z przetwarzaniem danych osobowych i w sprawie swobodnego przep\u0142ywu takich danych oraz uchylenia dyrektywy 95\/46\/WE\u00a0 (Dz. Urz. UEL 119 z 04-05-2016 r. [&hellip;]<\/p>\n","protected":false},"author":1,"featured_media":0,"parent":0,"menu_order":0,"comment_status":"closed","ping_status":"closed","template":"","meta":{"site-sidebar-layout":"no-sidebar","site-content-layout":"page-builder","ast-site-content-layout":"default","site-content-style":"default","site-sidebar-style":"default","ast-global-header-display":"","ast-banner-title-visibility":"","ast-main-header-display":"","ast-hfb-above-header-display":"","ast-hfb-below-header-display":"","ast-hfb-mobile-header-display":"","site-post-title":"disabled","ast-breadcrumbs-content":"","ast-featured-img":"disabled","footer-sml-layout":"","ast-disable-related-posts":"","theme-transparent-header-meta":"default","adv-header-id-meta":"","stick-header-meta":"","header-above-stick-meta":"","header-main-stick-meta":"","header-below-stick-meta":"","astra-migrate-meta-layouts":"default","ast-page-background-enabled":"default","ast-page-background-meta":{"desktop":{"background-color":"","background-image":"","background-repeat":"repeat","background-position":"center center","background-size":"auto","background-attachment":"scroll","background-type":"","background-media":"","overlay-type":"","overlay-color":"","overlay-opacity":"","overlay-gradient":""},"tablet":{"background-color":"","background-image":"","background-repeat":"repeat","background-position":"center center","background-size":"auto","background-attachment":"scroll","background-type":"","background-media":"","overlay-type":"","overlay-color":"","overlay-opacity":"","overlay-gradient":""},"mobile":{"background-color":"","background-image":"","background-repeat":"repeat","background-position":"center center","background-size":"auto","background-attachment":"scroll","background-type":"","background-media":"","overlay-type":"","overlay-color":"","overlay-opacity":"","overlay-gradient":""}},"ast-content-background-meta":{"desktop":{"background-color":"var(--ast-global-color-5)","background-image":"","background-repeat":"repeat","background-position":"center center","background-size":"auto","background-attachment":"scroll","background-type":"","background-media":"","overlay-type":"","overlay-color":"","overlay-opacity":"","overlay-gradient":""},"tablet":{"background-color":"var(--ast-global-color-5)","background-image":"","background-repeat":"repeat","background-position":"center center","background-size":"auto","background-attachment":"scroll","background-type":"","background-media":"","overlay-type":"","overlay-color":"","overlay-opacity":"","overlay-gradient":""},"mobile":{"background-color":"var(--ast-global-color-5)","background-image":"","background-repeat":"repeat","background-position":"center center","background-size":"auto","background-attachment":"scroll","background-type":"","background-media":"","overlay-type":"","overlay-color":"","overlay-opacity":"","overlay-gradient":""}},"footnotes":""},"class_list":["post-1118","page","type-page","status-publish","hentry"],"_links":{"self":[{"href":"https:\/\/bhpcare.pl\/index.php\/wp-json\/wp\/v2\/pages\/1118","targetHints":{"allow":["GET"]}}],"collection":[{"href":"https:\/\/bhpcare.pl\/index.php\/wp-json\/wp\/v2\/pages"}],"about":[{"href":"https:\/\/bhpcare.pl\/index.php\/wp-json\/wp\/v2\/types\/page"}],"author":[{"embeddable":true,"href":"https:\/\/bhpcare.pl\/index.php\/wp-json\/wp\/v2\/users\/1"}],"replies":[{"embeddable":true,"href":"https:\/\/bhpcare.pl\/index.php\/wp-json\/wp\/v2\/comments?post=1118"}],"version-history":[{"count":7,"href":"https:\/\/bhpcare.pl\/index.php\/wp-json\/wp\/v2\/pages\/1118\/revisions"}],"predecessor-version":[{"id":1184,"href":"https:\/\/bhpcare.pl\/index.php\/wp-json\/wp\/v2\/pages\/1118\/revisions\/1184"}],"wp:attachment":[{"href":"https:\/\/bhpcare.pl\/index.php\/wp-json\/wp\/v2\/media?parent=1118"}],"curies":[{"name":"wp","href":"https:\/\/api.w.org\/{rel}","templated":true}]}}