{"id":1129,"date":"2020-03-10T14:28:47","date_gmt":"2020-03-10T13:28:47","guid":{"rendered":"http:\/\/bhpcare.pl\/?page_id=1129"},"modified":"2020-03-10T20:41:02","modified_gmt":"2020-03-10T19:41:02","slug":"polityka-wykorzystania-cookies","status":"publish","type":"page","link":"https:\/\/bhpcare.pl\/index.php\/polityka-wykorzystania-cookies\/","title":{"rendered":"Polityka wykorzystania cookies"},"content":{"rendered":"\t\t<div data-elementor-type=\"wp-page\" data-elementor-id=\"1129\" class=\"elementor elementor-1129\" data-elementor-post-type=\"page\">\n\t\t\t\t\t\t<section class=\"elementor-section elementor-top-section elementor-element elementor-element-352b0ef elementor-section-boxed elementor-section-height-default elementor-section-height-default\" data-id=\"352b0ef\" data-element_type=\"section\" data-e-type=\"section\">\n\t\t\t\t\t\t<div class=\"elementor-container elementor-column-gap-default\">\n\t\t\t\t\t<div class=\"elementor-column elementor-col-100 elementor-top-column elementor-element elementor-element-d4a8d07\" data-id=\"d4a8d07\" data-element_type=\"column\" data-e-type=\"column\">\n\t\t\t<div class=\"elementor-widget-wrap elementor-element-populated\">\n\t\t\t\t\t\t<div class=\"elementor-element elementor-element-0c21972 elementor-widget elementor-widget-text-editor\" data-id=\"0c21972\" data-element_type=\"widget\" data-e-type=\"widget\" data-widget_type=\"text-editor.default\">\n\t\t\t\t<div class=\"elementor-widget-container\">\n\t\t\t\t\t\t\t\t\t<p style=\"text-align: center;\"><strong>POLITYKA WYKORZYSTANIA COOKIES<\/strong><\/p><p>1.\u00a0\u00a0\u00a0\u00a0 Polityka okre\u015bla zasady przechowywania i dost\u0119pu do informacji na urz\u0105dzeniach U\u017cytkownika za pomoc\u0105 plik\u00f3w Cookies, s\u0142u\u017c\u0105cych realizacji us\u0142ug \u015bwiadczonych drog\u0105 elektroniczn\u0105 \u017c\u0105danych przez U\u017cytkownika, przez:<\/p><p style=\"text-align: center;\"><strong>BHPCARE\u00a0 Sp. z o.o.<\/strong><br \/>ul. D\u0119bowa 15 Wilczyn, 55-120 Oborniki \u015al\u0105skie<br \/>wpisana do Krajowego Rejestru S\u0105dowego &#8211; Rejestru Przedsi\u0119biorc\u00f3w pod nr KRS 0000763328;<br \/>s\u0105d rejestrowy: S\u0105d Rejonowy dla Wroc\u0142awia-Fabrycznej we Wroc\u0142awiu <br \/>IX Wydzia\u0142 Gospodarczy Krajowego Rejestru S\u0105dowego<\/p><p style=\"text-align: center;\">NIP 9151811741; REGON 382071509<\/p><p>kt\u00f3ra \u015bwiadczy us\u0142ugi drog\u0105 elektroniczn\u0105 oraz przechowuje i uzyskuje dost\u0119p do informacji w urz\u0105dzeniach U\u017cytkownika.<\/p><p style=\"text-align: left;\">2.\u00a0\u00a0\u00a0\u00a0 Definicje<\/p><p style=\"padding-left: 30px;\">1)\u00a0\u00a0\u00a0\u00a0 <strong>Pliki cookies (tzw. \u201eciasteczka\u201d)<\/strong> &#8211; dane informatyczne, w szczeg\u00f3lno\u015bci pliki tekstowe, <br \/>kt\u00f3re przechowywane s\u0105 w urz\u0105dzeniu ko\u0144cowym U\u017cytkownika Serwisu i przeznaczone s\u0105 do korzystania <br \/>ze stron internetowych Serwisu. Cookies zazwyczaj zawieraj\u0105 nazw\u0119 strony internetowej, z kt\u00f3rej pochodz\u0105, czas przechowywania ich na urz\u0105dzeniu ko\u0144cowym oraz unikalny numer.<\/p><p style=\"padding-left: 30px;\">2)\u00a0\u00a0\u00a0\u00a0 <strong>Serwis<\/strong> &#8211; oznacza stron\u0119 internetow\u0105 lub aplikacj\u0119, pod kt\u00f3r\u0105 Administrator prowadzi serwis internetowy, dzia\u0142aj\u0105cy w domenie www.bhpcare.pl.<\/p><p style=\"padding-left: 30px;\">3)\u00a0\u00a0\u00a0 <strong>Urz\u0105dzenie <\/strong>&#8211; oznacza elektroniczne urz\u0105dzenie za po\u015brednictwem, kt\u00f3rego U\u017cytkownik uzyskuje dost\u0119p <br \/>do Serwisu.<\/p><p style=\"padding-left: 30px;\">4)\u00a0<strong>\u00a0\u00a0\u00a0 U\u017cytkownik<\/strong> &#8211; oznacza podmiot, na rzecz kt\u00f3rego zgodnie z Regulaminemi i przepisami prawa mog\u0105 by\u0107 \u015bwiadczone us\u0142ugi drog\u0105 elektroniczn\u0105 lub z kt\u00f3rym zawarta mo\u017ce by\u0107 Umowa o \u015bwiadczenie us\u0142ug drog\u0105 elektroniczn\u0105.<\/p><p>3.\u00a0\u00a0\u00a0\u00a0 Serwis u\u017cywa cookies, brak zmiany ustawie\u0144 przegl\u0105darki oznacza akceptacj\u0119.<\/p><p>4.\u00a0\u00a0\u00a0\u00a0 Serwis nie zbiera w spos\u00f3b automatyczny \u017cadnych informacji, z wyj\u0105tkiem informacji zawartych w plikach cookies.<\/p><p>5.\u00a0\u00a0\u00a0\u00a0 Pliki cookies wykorzystywane s\u0105 w celu tworzenia statystyk, kt\u00f3re pomagaj\u0105 zrozumie\u0107, w jaki spos\u00f3b U\u017cytkownicy Serwisu korzystaj\u0105 ze stron internetowych, co umo\u017cliwia ulepszanie ich struktury i zawarto\u015bci. <br \/>Pliki cookies zazwyczaj zawieraj\u0105 nazw\u0119 domeny z kt\u00f3rej pochodz\u0105, czas przechowywania ich na Urz\u0105dzeniu oraz przypisan\u0105 warto\u015b\u0107.<\/p><p>6.\u00a0\u00a0\u00a0\u00a0 Stosowane Pliki cookies s\u0105 bezpieczne dla Urz\u0105dzenia U\u017cytkownika. Zw\u0142aszcza t\u0105 drog\u0105 nie jest mo\u017cliwe przedostanie si\u0119 do Urz\u0105dze\u0144 U\u017cytkownik\u00f3w wirus\u00f3w lub innego niechcianego oprogramowania <br \/>lub oprogramowania z\u0142o\u015bliwego.<\/p><p>7.\u00a0\u00a0\u00a0\u00a0 W ramach Serwisu stosowane s\u0105 dwa zasadnicze rodzaje plik\u00f3w cookies: \u201esesyjne\u201d (session cookies) oraz \u201esta\u0142e\u201d (persistent cookies):<\/p><p style=\"padding-left: 30px;\">1)\u00a0\u00a0\u00a0\u00a0 cookies \u201esesyjne\u201d s\u0105 plikami tymczasowymi, kt\u00f3re przechowywane s\u0105 w urz\u0105dzeniu ko\u0144cowym U\u017cytkownika do czasu wylogowania, opuszczenia strony internetowej lub wy\u0142\u0105czenia oprogramowania (przegl\u0105darki internetowej).<\/p><p style=\"padding-left: 30px;\">2)\u00a0\u00a0\u00a0\u00a0 cookies \u201esta\u0142e\u201d pliki cookies przechowywane s\u0105 w urz\u0105dzeniu ko\u0144cowym U\u017cytkownika przez czas okre\u015blony <br \/>w parametrach plik\u00f3w cookies lub do czasu ich usuni\u0119cia przez U\u017cytkownika.<\/p>\t\t\t\t\t\t\t\t<\/div>\n\t\t\t\t<\/div>\n\t\t\t\t\t<\/div>\n\t\t<\/div>\n\t\t\t\t\t<\/div>\n\t\t<\/section>\n\t\t\t\t<\/div>\n\t\t","protected":false},"excerpt":{"rendered":"<p>POLITYKA WYKORZYSTANIA COOKIES 1.\u00a0\u00a0\u00a0\u00a0 Polityka okre\u015bla zasady przechowywania i dost\u0119pu do informacji na urz\u0105dzeniach U\u017cytkownika za pomoc\u0105 plik\u00f3w Cookies, s\u0142u\u017c\u0105cych realizacji us\u0142ug \u015bwiadczonych drog\u0105 elektroniczn\u0105 \u017c\u0105danych przez U\u017cytkownika, przez: BHPCARE\u00a0 Sp. z o.o.ul. D\u0119bowa 15 Wilczyn, 55-120 Oborniki \u015al\u0105skiewpisana do Krajowego Rejestru S\u0105dowego &#8211; Rejestru Przedsi\u0119biorc\u00f3w pod nr KRS 0000763328;s\u0105d rejestrowy: S\u0105d Rejonowy dla Wroc\u0142awia-Fabrycznej [&hellip;]<\/p>\n","protected":false},"author":1,"featured_media":0,"parent":0,"menu_order":0,"comment_status":"closed","ping_status":"closed","template":"","meta":{"site-sidebar-layout":"no-sidebar","site-content-layout":"page-builder","ast-site-content-layout":"default","site-content-style":"default","site-sidebar-style":"default","ast-global-header-display":"","ast-banner-title-visibility":"","ast-main-header-display":"","ast-hfb-above-header-display":"","ast-hfb-below-header-display":"","ast-hfb-mobile-header-display":"","site-post-title":"disabled","ast-breadcrumbs-content":"","ast-featured-img":"disabled","footer-sml-layout":"","ast-disable-related-posts":"","theme-transparent-header-meta":"default","adv-header-id-meta":"","stick-header-meta":"","header-above-stick-meta":"","header-main-stick-meta":"","header-below-stick-meta":"","astra-migrate-meta-layouts":"default","ast-page-background-enabled":"default","ast-page-background-meta":{"desktop":{"background-color":"","background-image":"","background-repeat":"repeat","background-position":"center center","background-size":"auto","background-attachment":"scroll","background-type":"","background-media":"","overlay-type":"","overlay-color":"","overlay-opacity":"","overlay-gradient":""},"tablet":{"background-color":"","background-image":"","background-repeat":"repeat","background-position":"center center","background-size":"auto","background-attachment":"scroll","background-type":"","background-media":"","overlay-type":"","overlay-color":"","overlay-opacity":"","overlay-gradient":""},"mobile":{"background-color":"","background-image":"","background-repeat":"repeat","background-position":"center center","background-size":"auto","background-attachment":"scroll","background-type":"","background-media":"","overlay-type":"","overlay-color":"","overlay-opacity":"","overlay-gradient":""}},"ast-content-background-meta":{"desktop":{"background-color":"var(--ast-global-color-5)","background-image":"","background-repeat":"repeat","background-position":"center center","background-size":"auto","background-attachment":"scroll","background-type":"","background-media":"","overlay-type":"","overlay-color":"","overlay-opacity":"","overlay-gradient":""},"tablet":{"background-color":"var(--ast-global-color-5)","background-image":"","background-repeat":"repeat","background-position":"center center","background-size":"auto","background-attachment":"scroll","background-type":"","background-media":"","overlay-type":"","overlay-color":"","overlay-opacity":"","overlay-gradient":""},"mobile":{"background-color":"var(--ast-global-color-5)","background-image":"","background-repeat":"repeat","background-position":"center center","background-size":"auto","background-attachment":"scroll","background-type":"","background-media":"","overlay-type":"","overlay-color":"","overlay-opacity":"","overlay-gradient":""}},"footnotes":""},"class_list":["post-1129","page","type-page","status-publish","hentry"],"_links":{"self":[{"href":"https:\/\/bhpcare.pl\/index.php\/wp-json\/wp\/v2\/pages\/1129","targetHints":{"allow":["GET"]}}],"collection":[{"href":"https:\/\/bhpcare.pl\/index.php\/wp-json\/wp\/v2\/pages"}],"about":[{"href":"https:\/\/bhpcare.pl\/index.php\/wp-json\/wp\/v2\/types\/page"}],"author":[{"embeddable":true,"href":"https:\/\/bhpcare.pl\/index.php\/wp-json\/wp\/v2\/users\/1"}],"replies":[{"embeddable":true,"href":"https:\/\/bhpcare.pl\/index.php\/wp-json\/wp\/v2\/comments?post=1129"}],"version-history":[{"count":6,"href":"https:\/\/bhpcare.pl\/index.php\/wp-json\/wp\/v2\/pages\/1129\/revisions"}],"predecessor-version":[{"id":1179,"href":"https:\/\/bhpcare.pl\/index.php\/wp-json\/wp\/v2\/pages\/1129\/revisions\/1179"}],"wp:attachment":[{"href":"https:\/\/bhpcare.pl\/index.php\/wp-json\/wp\/v2\/media?parent=1129"}],"curies":[{"name":"wp","href":"https:\/\/api.w.org\/{rel}","templated":true}]}}